{"id":99,"date":"2015-03-13T16:02:11","date_gmt":"2015-03-13T16:02:11","guid":{"rendered":"https:\/\/valteme.com\/?page_id=99"},"modified":"2016-06-23T11:45:06","modified_gmt":"2016-06-23T10:45:06","slug":"valteme-is-specialized-in-accounting-and-management-for-airlines-companies","status":"publish","type":"page","link":"https:\/\/valteme.com\/en\/valteme-is-specialized-in-accounting-and-management-for-airlines-companies\/","title":{"rendered":"Valteme is specialized in accounting and management for Airline Companies."},"content":{"rendered":"<p>Our know-how is essential to ensure the speed of the processes and the accuracy and effectiveness of the solutions we present to our customers.<\/p>\n<p>Our performance always aims to raise the competitiveness of our customers and ensure a quality service.<\/p>\n<p>Valteme is legally authorized by OCC (Ordem dos Contabilistas Certificados) for the performance of it is duties and is also a member of APECA (Associa\u00e7\u00e3o Portuguesa das Empresas de Contabilidade e Administra\u00e7\u00e3o).&#8221;<\/p>\n","protected":false},"excerpt":{"rendered":"<p>Our know-how is essential to ensure the speed of the processes and the accuracy and effectiveness of the solutions we present to our customers. Our performance always aims to raise the competitiveness of our customers and ensure a quality service. Valteme is legally authorized by OCC (Ordem dos Contabilistas Certificados) for the performance of it&#8230;  <a class=\"excerpt-read-more\" href=\"https:\/\/valteme.com\/en\/valteme-is-specialized-in-accounting-and-management-for-airlines-companies\/\" title=\"ReadValteme is specialized in accounting and management for Airline Companies.\">Read more &raquo;<\/a><\/p>\n","protected":false},"author":1,"featured_media":0,"parent":0,"menu_order":1,"comment_status":"open","ping_status":"closed","template":"","meta":{"footnotes":""},"_links":{"self":[{"href":"https:\/\/valteme.com\/en\/wp-json\/wp\/v2\/pages\/99"}],"collection":[{"href":"https:\/\/valteme.com\/en\/wp-json\/wp\/v2\/pages"}],"about":[{"href":"https:\/\/valteme.com\/en\/wp-json\/wp\/v2\/types\/page"}],"author":[{"embeddable":true,"href":"https:\/\/valteme.com\/en\/wp-json\/wp\/v2\/users\/1"}],"replies":[{"embeddable":true,"href":"https:\/\/valteme.com\/en\/wp-json\/wp\/v2\/comments?post=99"}],"version-history":[{"count":4,"href":"https:\/\/valteme.com\/en\/wp-json\/wp\/v2\/pages\/99\/revisions"}],"predecessor-version":[{"id":195,"href":"https:\/\/valteme.com\/en\/wp-json\/wp\/v2\/pages\/99\/revisions\/195"}],"wp:attachment":[{"href":"https:\/\/valteme.com\/en\/wp-json\/wp\/v2\/media?parent=99"}],"curies":[{"name":"wp","href":"https:\/\/api.w.org\/{rel}","templated":true}]}}