{"id":140,"date":"2016-04-13T16:16:01","date_gmt":"2016-04-13T15:16:01","guid":{"rendered":"https:\/\/valteme.com\/?page_id=140"},"modified":"2016-04-13T16:16:01","modified_gmt":"2016-04-13T15:16:01","slug":"team-2","status":"publish","type":"page","link":"https:\/\/valteme.com\/de\/team-2\/","title":{"rendered":"Team"},"content":{"rendered":"<p>Unser kompetentes Team verf\u00fcgt \u00fcber mehr als 15 Jahre Erfahrung. Wir schaffen Werte, indem wir L\u00f6sungen liefern die effizient sind und sich den Bed\u00fcrfnissen unserer Kunden und Partner genau anpassen. Unsere Mitarbeiter betreuen jeden Kunden pers\u00f6nlich, um an einer gemeinsamen Strategieentwicklung zu arbeiten, die Fortschritt und berufliche Weiterentwicklung sicherstellt.<\/p>\n","protected":false},"excerpt":{"rendered":"<p>Unser kompetentes Team verf\u00fcgt \u00fcber mehr als 15 Jahre Erfahrung. Wir schaffen Werte, indem wir L\u00f6sungen liefern die effizient sind und sich den Bed\u00fcrfnissen unserer Kunden und Partner genau anpassen. Unsere Mitarbeiter betreuen jeden Kunden pers\u00f6nlich, um an einer gemeinsamen Strategieentwicklung zu arbeiten, die Fortschritt und berufliche Weiterentwicklung sicherstellt.<\/p>\n","protected":false},"author":1,"featured_media":0,"parent":0,"menu_order":2,"comment_status":"open","ping_status":"closed","template":"","meta":{"footnotes":""},"_links":{"self":[{"href":"https:\/\/valteme.com\/de\/wp-json\/wp\/v2\/pages\/140"}],"collection":[{"href":"https:\/\/valteme.com\/de\/wp-json\/wp\/v2\/pages"}],"about":[{"href":"https:\/\/valteme.com\/de\/wp-json\/wp\/v2\/types\/page"}],"author":[{"embeddable":true,"href":"https:\/\/valteme.com\/de\/wp-json\/wp\/v2\/users\/1"}],"replies":[{"embeddable":true,"href":"https:\/\/valteme.com\/de\/wp-json\/wp\/v2\/comments?post=140"}],"version-history":[{"count":1,"href":"https:\/\/valteme.com\/de\/wp-json\/wp\/v2\/pages\/140\/revisions"}],"predecessor-version":[{"id":145,"href":"https:\/\/valteme.com\/de\/wp-json\/wp\/v2\/pages\/140\/revisions\/145"}],"wp:attachment":[{"href":"https:\/\/valteme.com\/de\/wp-json\/wp\/v2\/media?parent=140"}],"curies":[{"name":"wp","href":"https:\/\/api.w.org\/{rel}","templated":true}]}}