{"id":138,"date":"2016-04-13T16:03:45","date_gmt":"2016-04-13T15:03:45","guid":{"rendered":"https:\/\/valteme.com\/?page_id=138"},"modified":"2016-06-23T11:46:20","modified_gmt":"2016-06-23T10:46:20","slug":"valteme-hat-sich-in-steuerberatung-und-verwaltung-von-fluggesellschaften-spezialisiert","status":"publish","type":"page","link":"https:\/\/valteme.com\/de\/valteme-hat-sich-in-steuerberatung-und-verwaltung-von-fluggesellschaften-spezialisiert\/","title":{"rendered":"Valteme hat sich in Steuerberatung und Verwaltung von Fluggesellschaften spezialisiert."},"content":{"rendered":"<p>Dank unserer Erfahrung und spezialisiertem &#8222;know-how&#8220;, k\u00f6nnen wir schnell reagieren und unseren Kunden genaue und effiziente L\u00f6sungen vorschlagen. Das Ziel unserer Leistung ist immer, die Wettbewerbsf\u00e4higkeit unserer Kunden zu steigern, sowie eine qualitativ hochwertige Dienstleistung zu garantieren. Valteme ist gesetzlich eingeschrieben in den OCC (Ordem dos Contabilistas Certificados), und dadurch zugelassen seine Diense zu erf\u00fcllen. Dar\u00fcber hinaus, ist Valteme Mitglied der APECA (Associa\u00e7\u00e3o Portuguesa das Empresas de Contabilidade e Administra\u00e7\u00e3o).<\/p>\n","protected":false},"excerpt":{"rendered":"<p>Dank unserer Erfahrung und spezialisiertem &#8222;know-how&#8220;, k\u00f6nnen wir schnell reagieren und unseren Kunden genaue und effiziente L\u00f6sungen vorschlagen. Das Ziel unserer Leistung ist immer, die Wettbewerbsf\u00e4higkeit unserer Kunden zu steigern, sowie eine qualitativ hochwertige Dienstleistung zu garantieren. Valteme ist gesetzlich eingeschrieben in den OCC (Ordem dos Contabilistas Certificados), und dadurch zugelassen seine Diense zu erf\u00fcllen&#8230;.  <a class=\"excerpt-read-more\" href=\"https:\/\/valteme.com\/de\/valteme-hat-sich-in-steuerberatung-und-verwaltung-von-fluggesellschaften-spezialisiert\/\" title=\"ReadValteme hat sich in Steuerberatung und Verwaltung von Fluggesellschaften spezialisiert.\">Read more &raquo;<\/a><\/p>\n","protected":false},"author":1,"featured_media":0,"parent":0,"menu_order":1,"comment_status":"open","ping_status":"closed","template":"","meta":{"footnotes":""},"_links":{"self":[{"href":"https:\/\/valteme.com\/de\/wp-json\/wp\/v2\/pages\/138"}],"collection":[{"href":"https:\/\/valteme.com\/de\/wp-json\/wp\/v2\/pages"}],"about":[{"href":"https:\/\/valteme.com\/de\/wp-json\/wp\/v2\/types\/page"}],"author":[{"embeddable":true,"href":"https:\/\/valteme.com\/de\/wp-json\/wp\/v2\/users\/1"}],"replies":[{"embeddable":true,"href":"https:\/\/valteme.com\/de\/wp-json\/wp\/v2\/comments?post=138"}],"version-history":[{"count":2,"href":"https:\/\/valteme.com\/de\/wp-json\/wp\/v2\/pages\/138\/revisions"}],"predecessor-version":[{"id":196,"href":"https:\/\/valteme.com\/de\/wp-json\/wp\/v2\/pages\/138\/revisions\/196"}],"wp:attachment":[{"href":"https:\/\/valteme.com\/de\/wp-json\/wp\/v2\/media?parent=138"}],"curies":[{"name":"wp","href":"https:\/\/api.w.org\/{rel}","templated":true}]}}